{"id":128,"date":"2019-02-11T12:00:58","date_gmt":"2019-02-11T10:00:58","guid":{"rendered":"https:\/\/mediskop.com\/?page_id=128"},"modified":"2019-10-03T16:56:01","modified_gmt":"2019-10-03T13:56:01","slug":"veri-gizliligi","status":"publish","type":"page","link":"https:\/\/mediskop.com\/tr\/veri-gizliligi\/","title":{"rendered":"Veri Gizlili\u011fi"},"content":{"rendered":"Mediskop, S\u00f6zle\u015fmeli Farmakovijilans Hizmet Kurulu\u015fu olarak faaliyet g\u00f6stermektedir.\r\n\r\nBu Ayd\u0131nlatma Metni, Mediskop\u2018un ki\u015fisel verilerinizi nas\u0131l toplad\u0131\u011f\u0131n\u0131, neden toplad\u0131\u011f\u0131n\u0131, kimlerle payla\u015fabilece\u011fini ve ki\u015fisel veri sahiplerinin haklar\u0131n\u0131n ayr\u0131nt\u0131lar\u0131n\u0131 belirtmektedir. Ki\u015fisel verilerinizin i\u015fbu Ayd\u0131nlatma Metni kapsam\u0131nda i\u015flenmesine ili\u015fkin detayl\u0131 bilgilere <a href=\"https:\/\/mediskop.com\">www.mediskop.com<\/a> internet adresinde yer alan Mediskop Ki\u015fisel Verilerin Y\u00f6netimi Politikas\u0131\u2019ndan ula\u015fabilirsiniz.\r\n<h3>Veri Sorumlusu<\/h3>\r\n<p class=\"p1\">6698 say\u0131l\u0131 Ki\u015fisel Verilerin Korunmas\u0131 Kanunu uyar\u0131nca, Mediskop, veri sorumlusu olarak, ki\u015fisel verilerinizi a\u015fa\u011f\u0131da a\u00e7\u0131klanan ama\u00e7lar kapsam\u0131nda; hukuka ve d\u00fcr\u00fcstl\u00fck kurallar\u0131na uygun bir \u015fekilde i\u015fleyebilecek, kaydedebilecek, saklayabilecek, s\u0131n\u0131fland\u0131rabilecek, g\u00fcncelleyebilecek ve mevzuat\u0131n izin verdi\u011fi hallerde ve\/veya i\u015flendikleri ama\u00e7la s\u0131n\u0131rl\u0131 olarak 3. ki\u015filere a\u00e7\u0131klayabilecek\/aktarabilecektir.<\/p>\r\n\r\n<h3 class=\"p1\">Ki\u015fisel Verilerin \u0130\u015flenme Amac\u0131<b>\r\n<\/b><\/h3>\r\n\u0130la\u00e7 \u015firketlerinin ila\u00e7 kullan\u0131m\u0131 s\u0131ras\u0131nda ortaya \u00e7\u0131kabilen advers reaksiyonlar\u0131n (yan etkilerin) ve ila\u00e7lara ba\u011fl\u0131 di\u011fer muhtemel sorunlar\u0131n saptanmas\u0131, de\u011ferlendirilmesi, tan\u0131mlanmas\u0131 ve \u00f6nlenmesi ile ilgili faaliyetleri y\u00fcr\u00fctmesi zorunludur. Farmakovijilans ad\u0131 verilen bu faaliyetler sonucu ila\u00e7 g\u00fcvenlili\u011finin izlenmesi ve gerekti\u011finde ulusal ya da uluslararas\u0131 d\u00fczeyde birtak\u0131m tedbirlerin al\u0131narak halk sa\u011fl\u0131\u011f\u0131n\u0131n korunmas\u0131 m\u00fcmk\u00fcn hale gelir.\r\n\r\nMediskop, T\u00fcrkiye \u0130la\u00e7 ve T\u0131bbi Cihaz Kurumu \u2018nun yay\u0131nlad\u0131\u011f\u0131 \u0130la\u00e7lar\u0131n G\u00fcvenlili\u011fi Hakk\u0131nda Y\u00f6netmelik ve \u0130yi Farmakovijilans Uygulamalar\u0131 K\u0131lavuzlar\u0131na uygun olarak y\u00fcr\u00fct\u00fclen farmakovijilans faaliyetleri kapsam\u0131nda hastalardan, sa\u011fl\u0131k profesyonellerinden ve di\u011fer raporlay\u0131c\u0131lardan kendisine bildirilen farmakovijilans verileri hakk\u0131nda bilgiler toplamakta ve i\u015flemektedir. Al\u0131nan ki\u015fisel veriler KVKK\u2018ya ve ilgili di\u011fer kanunlarda belirtilen s\u00fcrelere uygun olarak fiziksel veya elektronik ortamda g\u00fcvenli bir \u015fekilde saklanmaktad\u0131r.\r\n\r\n\u00d6nceden \u00e7al\u0131\u015fm\u0131\u015f, \u00e7al\u0131\u015fmaya devam eden ve stajyer olarak g\u00f6rev alan personellere ait ki\u015fisel veriler; i\u015f ba\u015fvuru s\u00fcre\u00e7leri ve \u00e7al\u0131\u015fma s\u00fcre\u00e7leri, SGK bildirimleri, \u0130\u015f-Kur bilgilendirmeleri, Mediskop fiziksel g\u00fcvenlik \u00f6nlemlerinin yerine getirilmesi i\u00e7in al\u0131nmaktad\u0131r.\r\n\r\nAl\u0131nan ki\u015fisel veriler Mediskop taraf\u0131ndan KVKK ba\u015fta olmak \u00fczere ilgili t\u00fcm mevzuatta \u00f6ng\u00f6r\u00fclen y\u00fck\u00fcml\u00fcl\u00fcklere uygun olarak idari ve teknik tedbirler al\u0131narak korunmaktad\u0131r.\r\n\r\nKi\u015fisel verinin sahibi ilgili ki\u015fi, ki\u015fisel verilerinin i\u015flenme ama\u00e7lar\u0131 konusunda detayl\u0131 bilgilere; <strong>https:\/\/mediskop.com<\/strong> internet adresinde ana sayfada beyan edilen <strong>Ki\u015fisel Verilerin Y\u00f6netimi Politikas\u0131 <\/strong>\u2018ndan ula\u015fabilir.\r\n<h3 class=\"p1\">Ki\u015fisel Verilerin Silinmesi<\/h3>\r\n<p class=\"p1\">Ki\u015fisel verinin sahibi ilgili ki\u015fi, ki\u015fisel verilerinin silinmesi konusunda detayl\u0131 bilgilere; <b>https:\/\/mediskop.com<\/b> internet adresinde ana sayfada beyan edilen <b>Ki\u015fisel Verilerin Y\u00f6netimi Politikas\u0131 <\/b>\u2018ndan ula\u015fabilir.<\/p>\r\n\r\n<h3 class=\"p1\">Ki\u015fisel Verilerinizin Payla\u015f\u0131lmas\u0131<\/h3>\r\nSa\u011fl\u0131k profesyonelleri, hastalar, di\u011fer raporlay\u0131c\u0131lar, y\u00fckleniciler ve \u00e7al\u0131\u015fanlar\u0131m\u0131za ait ki\u015fisel veriler kamu faydas\u0131 g\u00f6zetilmesi kayd\u0131 ile ila\u00e7 g\u00fcvenlili\u011finin izlenmesine y\u00f6nelik mevzuatta \u00f6ng\u00f6r\u00fclen hukuki y\u00fck\u00fcml\u00fcl\u00fcklerin yerine getirilmesi amac\u0131yla, KVKK \u2019da \u00f6ng\u00f6r\u00fclen temel ilkelere uygun olarak ve KVKK \u2019n\u0131n 8. ve 9. maddelerinde belirtilen ki\u015fisel veri i\u015fleme \u015fartlar\u0131 ve ama\u00e7lar\u0131 d\u00e2hilinde; Sa\u011fl\u0131k Bakanl\u0131\u011f\u0131, T\u00fcrkiye \u0130la\u00e7 ve T\u0131bbi Cihaz Kurumu, ruhsat sahibi firmalar\u0131n lokal ve\/veya global merkezleri, i\u015f ortaklar\u0131 ve servis sa\u011flay\u0131c\u0131lar\u0131 (tedarik\u00e7i, hukuken yetkili kurum ve kurulu\u015flar ile hukuken yetkili \u00f6zel hukuk t\u00fczel ki\u015fileri) ile payla\u015f\u0131labilmektedir. Farmakovijilans verileri \u0130la\u00e7 \u0130zleme ve \u0130\u015fbirli\u011fi Program\u0131 kapsam\u0131nda D\u00fcnya Sa\u011fl\u0131k \u00d6rg\u00fct\u00fc\u2019n\u00fcn veri taban\u0131na da anonim hale getirilerek girilebilmektedir.\r\n\r\nBaz\u0131 Farmakovijilans verilerinin veri koruma d\u00fczeyleri farkl\u0131l\u0131k g\u00f6steren \u00fclkeler de dahil olmak \u00fczere Avrupa\u2019daki ve d\u00fcnyadaki di\u011fer sa\u011fl\u0131k otoritelerine de bildirilmesi gerekmektedir. Ancak bu raporlar olay hakk\u0131nda ayr\u0131nt\u0131l\u0131 bilgi i\u00e7ermekle birlikte ki\u015fisel veriyi k\u0131s\u0131tl\u0131 miktarda i\u00e7ermektredir:\r\n<ul>\r\n \t<li>Hastalar: Ya\u015f veya do\u011fum tarihi\/y\u0131l\u0131, cinsiyeti, hasta ad\u0131n\u0131n ba\u015f harflerini de i\u00e7eren bilgi (Hasta ad\u0131 a\u00e7\u0131k olarak bildirilmemektedir.)<\/li>\r\n \t<li>Raporlay\u0131c\u0131: Kurumun raporlayan ki\u015fiyi takip etmesi i\u00e7in sa\u011flanan isim, meslek, ad ve soyad\u0131n ilk harfleri, adres, e-posta, telefon numaras\u0131 gibi bilgiler<\/li>\r\n<\/ul>\r\nAyr\u0131ca, personel bilgileri, ilgili faaliyetlerin yerine getirilmesi i\u00e7in muhasebe faaliyetlerini y\u00fcr\u00fcten firma ve bankalar ile payla\u015f\u0131labilmektedir.\r\n<h3 class=\"p1\">Al\u0131nan Ki\u015fisel Veriler<\/h3>\r\n<p class=\"p1\">Mediskop olarak personel, hasta, sa\u011fl\u0131k profesyonelleri, di\u011fer raporlay\u0131c\u0131lar ve y\u00fcklenici ki\u015fisel verileri bar\u0131nd\u0131r\u0131lmaktad\u0131r. Al\u0131nan ki\u015fisel verilerin kategorileri a\u015fa\u011f\u0131da belirtilmi\u015ftir;<\/p>\r\n\r\n<table class=\"t1\" cellspacing=\"0\" cellpadding=\"0\">\r\n<tbody>\r\n<tr>\r\n<td class=\"td1\" valign=\"middle\">\r\n<p class=\"p3\" style=\"text-align: center;\"><b>Hasta<\/b><\/p>\r\n<\/td>\r\n<td class=\"td1\" valign=\"middle\">\r\n<p class=\"p3\" style=\"text-align: center;\"><b>Personel<\/b><\/p>\r\n<\/td>\r\n<td class=\"td1\" valign=\"middle\">\r\n<p class=\"p3\" style=\"text-align: center;\"><b>Sa\u011fl\u0131k Profesyoneli \/ Raporlay\u0131c\u0131<\/b><\/p>\r\n<\/td>\r\n<td class=\"td1\" valign=\"middle\">\r\n<p class=\"p3\" style=\"text-align: center;\"><b>Y\u00fcklenici<\/b><\/p>\r\n<\/td>\r\n<\/tr>\r\n<tr>\r\n<td class=\"td1\" valign=\"middle\">\r\n<ul class=\"ul1\">\r\n \t<li class=\"li1\">\u0130sim bilgisi;<\/li>\r\n \t<li class=\"li1\">Ya\u015f ve do\u011fum tarihi;<\/li>\r\n \t<li class=\"li1\">Hastan\u0131n \u0131rk bilgisi;<\/li>\r\n \t<li class=\"li1\">Atanm\u0131\u015f hasta numaras\u0131;<\/li>\r\n \t<li class=\"li1\">Fiziksel bilgileri (boy, a\u011f\u0131rl\u0131k, gebelik bilgileri vb.);<\/li>\r\n \t<li class=\"li1\">Advers reaksiyon bilgileri (advers reaksiyon, medikal \u00f6yk\u00fc, ciddiyet kriteri, laboratuvar bulgular\u0131 vb.);<\/li>\r\n \t<li class=\"li1\">Ki\u015fisel ileti\u015fim bilgileri (adres, telefon, e-posta adresi);<\/li>\r\n \t<li class=\"li1\">Hasta ge\u00e7mi\u015fi (sigara\/alkol kullan\u0131m\u0131, alerjiler, \u00e7evresel fakt\u00f6rler, ge\u00e7irdi\u011fi hastal\u0131klar vb.);<\/li>\r\n \t<li class=\"li1\">Sa\u011fl\u0131k ge\u00e7mi\u015fi (ameliyat ge\u00e7mi\u015fi, sa\u011fl\u0131k bilgileri vb.);<\/li>\r\n \t<li class=\"li1\">Kullan\u0131lan ila\u00e7 bilgileri (ila\u00e7 ad\u0131, verili\u015f yolu ve dozaj\u0131);<\/li>\r\n \t<li class=\"li1\">Laboratuvar testleri (alerji testleri, tahlil sonu\u00e7lar\u0131 vb.);<\/li>\r\n \t<li class=\"li1\">Uygulanan tedavi bilgisi;<\/li>\r\n \t<li class=\"li1\">Foto\u011fraflar ve videolar;<\/li>\r\n \t<li class=\"li1\">Refakat\u00e7i bilgisi (e\u015f, hasta yak\u0131n\u0131 vb.)<\/li>\r\n \t<li class=\"li1\">E\u015fin kulland\u0131\u011f\u0131 ila\u00e7 bilgileri;<\/li>\r\n \t<li class=\"li1\">Do\u011fan bebek bilgisi (boy, cinsiyet, kilo, do\u011fum y\u00f6ntemi ve do\u011fum tarihi, komplikasyonlar vb.);<\/li>\r\n \t<li class=\"li1\">Genetik veri (ailesel bozukluklar, do\u011fumsal anomaliler);<\/li>\r\n<\/ul>\r\n<\/td>\r\n<td class=\"td1\" valign=\"middle\">\r\n<ul>\r\n \t<li class=\"li1\">\u0130sim bilgisi;<\/li>\r\n \t<li class=\"li1\">Ya\u015f ve do\u011fum tarihi;<\/li>\r\n \t<li class=\"li1\">Ki\u015fisel ileti\u015fim bilgileri (adres, telefon, e-posta adresi);<\/li>\r\n \t<li class=\"li1\">E\u011fitim ve yeterlilikler;<\/li>\r\n \t<li class=\"li1\">Mesleki ba\u015far\u0131lar ve faaliyetlerle ilgili bilgiler;<\/li>\r\n \t<li class=\"li1\">Kat\u0131lm\u0131\u015f oldu\u011fu programlar ve faaliyetler;<\/li>\r\n \t<li class=\"li1\">\u00d6deme ile ilgili bilgiler;<\/li>\r\n \t<li class=\"li1\">Foto\u011fraflar ve videolar;<\/li>\r\n \t<li class=\"li1\">Mali bilgiler (iban bilgisi, maa\u015f bilgisi);<\/li>\r\n \t<li class=\"li1\">Sab\u0131ka kay\u0131tlar\u0131;<\/li>\r\n \t<li class=\"li1\">Sa\u011fl\u0131k bilgileri (kan grubu, sa\u011fl\u0131k raporu);<\/li>\r\n \t<li class=\"li1\">Kamera g\u00f6r\u00fcnt\u00fcleri;<\/li>\r\n \t<li class=\"li1\">Referans bilgileri;<\/li>\r\n \t<li class=\"li1\">\u0130mza bilgileri;<\/li>\r\n<\/ul>\r\n<\/td>\r\n<td class=\"td1\" valign=\"middle\">\r\n<ul>\r\n \t<li class=\"li1\">\u0130sim;<\/li>\r\n \t<li class=\"li1\">Ki\u015fisel ileti\u015fim bilgileri (adres, telefon, e-posta adresi);<\/li>\r\n \t<li class=\"li1\">Ticari ileti\u015fim bilgileri (adres, telefon, e-posta adresi);<\/li>\r\n \t<li class=\"li1\">Meslek verileri;<\/li>\r\n \t<li class=\"li1\">\u0130mza bilgisi;<\/li>\r\n<\/ul>\r\n<\/td>\r\n<td class=\"td1\" valign=\"middle\">\r\n<ul>\r\n \t<li class=\"li1\">\u0130sim;<\/li>\r\n \t<li class=\"li1\">Ticari ileti\u015fim bilgileri (adres, telefon, e-posta adresi);<\/li>\r\n \t<li class=\"li1\">Ki\u015fisel ileti\u015fim bilgileri (adres, telefon, e-posta adresi);<\/li>\r\n \t<li class=\"li1\">\u00d6deme ile ilgili bilgiler;<\/li>\r\n \t<li class=\"li1\">\u0130mza bilgisi;<\/li>\r\n<\/ul>\r\n<\/td>\r\n<\/tr>\r\n<\/tbody>\r\n<\/table>\r\n<h3>Ki\u015fisel Verilerinizin Toplanmas\u0131nda Y\u00f6ntemler ve Hukuki Sebepler<\/h3>\r\n<p class=\"p1\">Farmakovijilans faaliyetlerini y\u00fcr\u00fctmek amac\u0131yla, Mediskop taraf\u0131ndan al\u0131nan ki\u015fisel verilerin toplanmas\u0131 s\u0131ras\u0131nda,<\/p>\r\n\r\n<ul class=\"ul1\">\r\n \t<li class=\"li1\">Telefonda s\u00f6zl\u00fc olarak doldurulan Telefon G\u00f6r\u00fc\u015fme Tutana\u011f\u0131,<\/li>\r\n \t<li class=\"li1\">Mediskop \u00e7al\u0131\u015fanlar\u0131 veya sa\u011fl\u0131k profesyonelleri taraf\u0131ndan doldurulan T\u00dcFAM Advers Reaksiyon Bildirim Formu,<\/li>\r\n \t<li class=\"li1\">S\u00f6zle\u015fmeli ruhsat sahibi taraf\u0131ndan belirlenen raporlama formlar\u0131 kullan\u0131l\u0131r.<\/li>\r\n<\/ul>\r\n<p class=\"p1\">Yukar\u0131da bahsedilen t\u00fcm formlar e-posta, faks ya da posta yoluyla al\u0131nabilmektedir.<\/p>\r\nBu \u00e7er\u00e7evede ki\u015fisel verileriniz, KVKK \u2019n\u0131n 4(2) maddesindeki \u00f6ng\u00f6r\u00fclen ilkeler \u0131\u015f\u0131\u011f\u0131nda a\u00e7\u0131k r\u0131za temini suretiyle veya 5(2) ve 6(3) maddelerinde \u00f6ng\u00f6r\u00fclen durumlar\u0131n varl\u0131\u011f\u0131 halinde, a\u00e7\u0131k r\u0131za temin edilmeksizin i\u015flenebilmekte ve aktar\u0131labilmektedir. Farmakovijilans verileri KVKK\u2019n\u0131n 6(3) maddesinde yer alan kamu sa\u011fl\u0131\u011f\u0131n\u0131n korunmas\u0131 ile koruyucu hekimlik ama\u00e7lar\u0131yla ve bu maddeye dayan\u0131larak ve 5(2) maddesinde yer alan \u201cveri sorumlusunun hukuki y\u00fck\u00fcml\u00fcl\u00fc\u011f\u00fcn\u00fc yerine getirebilmesi i\u00e7in zorunlu olmas\u0131\u201d kapsam\u0131nda i\u015flenmektedir.\r\n<p class=\"p1\">Hastalara ait ki\u015fisel verilerinin al\u0131nmas\u0131 i\u00e7in hukuki dayanaklar; T\u00fcrkiye \u0130la\u00e7 ve T\u0131bbi Cihaz Kurumu \u2018nun yay\u0131nlad\u0131\u011f\u0131 \u0130la\u00e7lar\u0131n G\u00fcvenlili\u011fi Hakk\u0131nda Y\u00f6netmelik ve \u0130yi Farmakovijilans Uygulamalar\u0131 K\u0131lavuzlar\u0131 ve bunlara ba\u011fl\u0131 di\u011fer y\u00f6netmeliklerdir.<\/p>\r\n<p class=\"p1\">\u00d6nceden \u00e7al\u0131\u015fm\u0131\u015f, \u00e7al\u0131\u015fmaya devam eden ve stajyer olarak g\u00f6rev alan personellere ait ki\u015fisel veriler;<\/p>\r\n\r\n<ul class=\"ul1\">\r\n \t<li class=\"li1\">Online i\u015f ba\u015fvuru portalleri,<\/li>\r\n \t<li class=\"li1\">\u0130\u015f Ba\u015fvuru formlar\u0131,<\/li>\r\n \t<li class=\"li1\">S\u00f6zl\u00fc olarak elde edilmektedir.<\/li>\r\n<\/ul>\r\n<h3>Ki\u015fisel Verilerin Saklanmas\u0131<\/h3>\r\n<p class=\"p1\">Ki\u015fisel veriler ilgili kanun ve y\u00f6netmeliklerin belirlemi\u015f oldu\u011fu s\u00fcrelere uygun olarak saklanmaktad\u0131r. \u00c7\u0131kt\u0131 olarak elde tutulan ki\u015fisel veriler Sa\u011fl\u0131k Bakanl\u0131\u011f\u0131 \u2018n\u0131n \u015fartlar\u0131na uygun olarak \u00e7elik, \u015fifre ile korunan ve yang\u0131na dayan\u0131kl\u0131 dolaplarda muhafaza edilmektedir. Dijital ortamda tutulan ki\u015fisel veriler ise T\u00fcrkiye men\u015feili kurumlar\u0131n bulut ortamlar\u0131nda muhafaza edilmektedir. Verilerin saklanma s\u00fcreleri kanunlar\u0131n ve s\u00f6zle\u015fmelerin \u00f6ng\u00f6rd\u00fc\u011f\u00fc zaman dilimlerine g\u00f6re belirlenmektedir. KVKK \u2018n\u0131n \u00f6ng\u00f6rd\u00fc\u011f\u00fc s\u00fcreye ba\u011fl\u0131 olarak alt\u0131 ayda bir kontroller ger\u00e7ekle\u015ftirilmektedir. Saklama s\u00fcresi dolan ki\u015fisel veriler uygun ko\u015fullarda imha edilmektedir.<\/p>\r\nFarmakovijilans ile ilgili bilginin (advers olay raporlar\u0131) halk sa\u011fl\u0131\u011f\u0131 a\u00e7\u0131s\u0131ndan \u00f6nem arz etmesi sebebiyle ilac\u0131n pazarland\u0131\u011f\u0131 son \u00fclkede piyasadan \u00e7ekilmesinden sonra minimum 10 y\u0131l daha raporlar\u0131n saklanmas\u0131 gerekmektedir.\r\n<p class=\"p1\">Saklama ile ilgili detaylar <b>Ki\u015fisel Verilerin Y\u00f6netimi Politikas\u0131<\/b> dok\u00fcman\u0131nda belirtilmi\u015ftir.<\/p>\r\n\r\n<h3>Ki\u015fisel Verisi \u0130\u015flenen \u0130lgili Ki\u015finin Haklar\u0131<\/h3>\r\n6698 say\u0131l\u0131 kanunun 11. maddesi uyar\u0131nca ki\u015fisel veri sahibi s\u0131fat\u0131yla ki\u015fisel verilerinizin i\u015flenmesine ili\u015fkin olarak a\u015fa\u011f\u0131daki haklar\u0131, <a href=\"https:\/\/mediskop.com\">www.mediskop.com<\/a> adresinde yer alan Mediskop Ki\u015fisel Verilerin Y\u00f6netimi Politikas\u0131\u2019nda ve bu belgenin \u0130leti\u015fim Y\u00f6ntemleri k\u0131sm\u0131nda belirtilen y\u00f6ntemlerle Mediskop \u2019a yapaca\u011f\u0131n\u0131z bir talep ile kullanabilirsiniz. Bu kapsamda iletilen talepler Mediskop taraf\u0131ndan m\u00fcmk\u00fcn olan en k\u0131sa s\u00fcrede ve en ge\u00e7 otuz g\u00fcn i\u00e7inde \u00fccretsiz olarak sonu\u00e7land\u0131r\u0131lacakt\u0131r. Ancak, Ki\u015fisel Verileri Koruma Kurulunca bir \u00fccret \u00f6ng\u00f6r\u00fclmesi halinde, Mediskop taraf\u0131ndan, belirlenen tarifedeki \u00fccret al\u0131nabilmektedir. Bu kapsamda ki\u015fisel veri sahibi olarak;\r\n<ul>\r\n \t<li>Ki\u015fisel verinizin i\u015flenip i\u015flenmedi\u011fini \u00f6\u011frenme,<\/li>\r\n \t<li>Ki\u015fisel veriniz i\u015flenmi\u015fse buna ili\u015fkin bilgi talep etme,<\/li>\r\n \t<li>Ki\u015fisel verinizin i\u015flenme amac\u0131n\u0131 ve bunlar\u0131n amac\u0131na uygun kullan\u0131l\u0131p kullan\u0131lmad\u0131\u011f\u0131n\u0131 \u00f6\u011frenme,<\/li>\r\n \t<li>Yurt i\u00e7inde veya yurt d\u0131\u015f\u0131nda ki\u015fisel verinizin aktar\u0131ld\u0131\u011f\u0131 \u00fc\u00e7\u00fcnc\u00fc ki\u015fileri bilme,<\/li>\r\n \t<li>Ki\u015fisel verinizin eksik veya yanl\u0131\u015f i\u015flenmi\u015f olmas\u0131 h\u00e2linde bunlar\u0131n d\u00fczeltilmesini isteme ve bu kapsamda yap\u0131lan i\u015flemin ki\u015fisel verilerin aktar\u0131ld\u0131\u011f\u0131 \u00fc\u00e7\u00fcnc\u00fc ki\u015filere bildirilmesini isteme,<\/li>\r\n \t<li>6698 say\u0131l\u0131 kanun ve ilgili di\u011fer kanun h\u00fck\u00fcmlerine uygun olarak i\u015flenmi\u015f olmas\u0131na ra\u011fmen, i\u015flenmesini gerektiren sebeplerin ortadan kalkmas\u0131 halinde ki\u015fisel verinizin silinmesini veya yok edilmesini isteme ve bu kapsamda yap\u0131lan i\u015flemin ki\u015fisel verilerin aktar\u0131ld\u0131\u011f\u0131 \u00fc\u00e7\u00fcnc\u00fc ki\u015filere bildirilmesini isteme,<\/li>\r\n \t<li>\u0130\u015flenen verinizin m\u00fcnhas\u0131ran otomatik sistemler vas\u0131tas\u0131yla analiz edilmesi suretiyle aleyhinize bir sonucun ortaya \u00e7\u0131kmas\u0131na itiraz etme,<\/li>\r\n \t<li>Ki\u015fisel verinizin kanuna ayk\u0131r\u0131 olarak i\u015flenmesi sebebiyle zarara u\u011framan\u0131z h\u00e2linde zarar\u0131n giderilmesini talep etme,<\/li>\r\n<\/ul>\r\nhaklar\u0131n\u0131z bulunmaktad\u0131r.\r\n\r\nAncak Farmakovijilans mevzuat\u0131 y\u00fck\u00fcml\u00fcl\u00fckleri gere\u011fince \u015firketimiz Farmakovijilans i\u00e7in i\u015flem g\u00f6rm\u00fc\u015f veriyi silemeyebilir ya da i\u015flenmesini k\u0131s\u0131tlamayabilir.\r\n<h3>\u0130leti\u015fim Y\u00f6ntemleri<\/h3>\r\n<p class=\"p1\">6698 Say\u0131l\u0131 Kanun kapsam\u0131nda ki\u015fisel verilerinize ili\u015fkin haklar\u0131n\u0131z\u0131 a\u015fa\u011f\u0131da belirtilen y\u00f6ntemleri kullanarak ger\u00e7ekle\u015ftirebilirsiniz;<\/p>\r\n\r\n<h4>Mediskop \u0130rtibat Bilgileri;<\/h4>\r\n<p class=\"p1\">Veri Sorumlusu: Mediskop Medikal Dan\u0131\u015fmanl\u0131k ve Farmakovijilans Hizmetleri Tic. Ltd. \u015eti<\/p>\r\n<p class=\"p1\">Veri Sorumlusu \u0130rtibat Ki\u015fisi: Selim KALYONCU<\/p>\r\n\r\n<h4>Ayd\u0131nlatma Ba\u015fvuru Y\u00f6ntemleri:<\/h4>\r\n<p class=\"p1\">E-posta : info@mediskop.com<\/p>\r\n<p class=\"p1\">Telefon : 0212 233 10 50<\/p>\r\n<p class=\"p1\">Adres : Merkez Mah. Abide-i H\u00fcrriyet Cad. No: 171\/12 \u015ei\u015fli &#8211; \u0130stanbul<\/p>\r\n<p class=\"p1\">Telefon ile al\u0131nan ba\u015fvurularda ki\u015fisel veri taleplerinin kay\u0131t alt\u0131na al\u0131nmas\u0131 i\u00e7in veri sahibine form g\u00f6nderilir. Adreslere g\u00f6nderilerek yap\u0131lacak postalarda otuz g\u00fcnl\u00fck yasal hakk\u0131n\u0131z\u0131n sorunsuz takibi i\u00e7in iade-i taahh\u00fctl\u00fc i\u015flem yap\u0131lmas\u0131 gerekmektedir. Bu kapsamdaki ba\u015fvurular taraf\u0131m\u0131zdan yap\u0131lacak olan kimlik do\u011frulamas\u0131n\u0131 takiben kabul edilecek olup, ilgili ki\u015filere yasal s\u00fcreler i\u00e7erisinde yaz\u0131l\u0131 olarak veya elektronik ortamda cevap verilecektir.<\/p>\r\n<p class=\"p1\"><a href=\"https:\/\/mediskop.com\/wp-content\/uploads\/2019\/02\/FR.18.05-KVKK-Talep-Formu.docx\">FR.18.05 KVKK Talep Formu<\/a><\/p>\r\n<p class=\"p1\"><a href=\"https:\/\/mediskop.com\/wp-content\/uploads\/2019\/02\/POL-03-Kis\u0327isel-Verilerin-Yo\u0308netimi-Politikas\u0131.docx\">POL-03 Kis\u0327isel Verilerin Yo\u0308netimi Politikas\u0131<\/a><\/p>","protected":false},"excerpt":{"rendered":"<h3>Ayd\u0131nlatma Metni<\/h3>\n<p>Mediskop Medikal Dan\u0131\u015fmanl\u0131k ve Farmakovijilans Hizmetleri Tic. Ltd. \u015eti. (\u201cMediskop\u201d) olarak, ki\u015fisel bilgileriniz ve gizlilik hakk\u0131n\u0131za dair azami \u00f6zen ve hassasiyet g\u00f6stermekteyiz.\u00a0 Bu nedenle 6698 Say\u0131l\u0131 Ki\u015fisel Verilerin Korunmas\u0131 Kanunu\u2019nun 10. maddesi uyar\u0131nca sizi, ki\u015fisel veri i\u015fleme faaliyetlerimiz hakk\u0131nda bilgilendirmek ve ayd\u0131nlatmak isteriz.<\/p>\n","protected":false},"author":1,"featured_media":0,"parent":0,"menu_order":0,"comment_status":"closed","ping_status":"closed","template":"","meta":{"footnotes":""},"class_list":["post-128","page","type-page","status-publish","hentry"],"_links":{"self":[{"href":"https:\/\/mediskop.com\/tr\/wp-json\/wp\/v2\/pages\/128","targetHints":{"allow":["GET"]}}],"collection":[{"href":"https:\/\/mediskop.com\/tr\/wp-json\/wp\/v2\/pages"}],"about":[{"href":"https:\/\/mediskop.com\/tr\/wp-json\/wp\/v2\/types\/page"}],"author":[{"embeddable":true,"href":"https:\/\/mediskop.com\/tr\/wp-json\/wp\/v2\/users\/1"}],"replies":[{"embeddable":true,"href":"https:\/\/mediskop.com\/tr\/wp-json\/wp\/v2\/comments?post=128"}],"version-history":[{"count":18,"href":"https:\/\/mediskop.com\/tr\/wp-json\/wp\/v2\/pages\/128\/revisions"}],"predecessor-version":[{"id":182,"href":"https:\/\/mediskop.com\/tr\/wp-json\/wp\/v2\/pages\/128\/revisions\/182"}],"wp:attachment":[{"href":"https:\/\/mediskop.com\/tr\/wp-json\/wp\/v2\/media?parent=128"}],"curies":[{"name":"wp","href":"https:\/\/api.w.org\/{rel}","templated":true}]}}