{"id":2,"date":"2016-10-08T17:15:19","date_gmt":"2016-10-08T14:15:19","guid":{"rendered":"https:\/\/mediskop.com\/?page_id=2"},"modified":"2016-10-26T15:24:50","modified_gmt":"2016-10-26T12:24:50","slug":"anasayfa","status":"publish","type":"page","link":"https:\/\/mediskop.com\/en\/","title":{"rendered":"Home"},"content":{"rendered":"","protected":false},"excerpt":{"rendered":"<p>Farmakovjilans ve medikal dan\u0131\u015fmanl\u0131k alanlar\u0131nda daha m\u00fckemmelini sunmak i\u00e7in yeni yakla\u015f\u0131mlarla yola \u00e7\u0131kan Mediskop ila\u00e7 sekt\u00f6r\u00fcnde deneyimli bir kadro ile 2016 y\u0131l\u0131nda kurulmu\u015ftur. \u00d6ncelikli ilkemiz m\u00fc\u015fterilerimize i\u015f s\u00fcre\u00e7lerindeki ihtiya\u00e7lar\u0131na yan\u0131t verecek, nitelikli ve sonu\u00e7 odakl\u0131 \u00e7\u00f6z\u00fcmler sunmakt\u0131r.<\/p>\n","protected":false},"author":1,"featured_media":0,"parent":0,"menu_order":0,"comment_status":"closed","ping_status":"closed","template":"","meta":{"footnotes":""},"class_list":["post-2","page","type-page","status-publish","hentry"],"_links":{"self":[{"href":"https:\/\/mediskop.com\/en\/wp-json\/wp\/v2\/pages\/2","targetHints":{"allow":["GET"]}}],"collection":[{"href":"https:\/\/mediskop.com\/en\/wp-json\/wp\/v2\/pages"}],"about":[{"href":"https:\/\/mediskop.com\/en\/wp-json\/wp\/v2\/types\/page"}],"author":[{"embeddable":true,"href":"https:\/\/mediskop.com\/en\/wp-json\/wp\/v2\/users\/1"}],"replies":[{"embeddable":true,"href":"https:\/\/mediskop.com\/en\/wp-json\/wp\/v2\/comments?post=2"}],"version-history":[{"count":5,"href":"https:\/\/mediskop.com\/en\/wp-json\/wp\/v2\/pages\/2\/revisions"}],"predecessor-version":[{"id":94,"href":"https:\/\/mediskop.com\/en\/wp-json\/wp\/v2\/pages\/2\/revisions\/94"}],"wp:attachment":[{"href":"https:\/\/mediskop.com\/en\/wp-json\/wp\/v2\/media?parent=2"}],"curies":[{"name":"wp","href":"https:\/\/api.w.org\/{rel}","templated":true}]}}